{"id":8069,"date":"2026-04-10T19:58:58","date_gmt":"2026-04-10T16:58:58","guid":{"rendered":"https:\/\/www.mooby.com.tr\/?page_id=8069"},"modified":"2026-04-10T20:27:22","modified_gmt":"2026-04-10T17:27:22","slug":"our-approach-2","status":"publish","type":"page","link":"https:\/\/www.mooby.com.tr\/?page_id=8069","title":{"rendered":"Our Approach"},"content":{"rendered":"\t\t<div data-elementor-type=\"wp-page\" data-elementor-id=\"8069\" class=\"elementor elementor-8069\">\n\t\t\t\t\t\t<section data-section-luminosity=\"dark\" class=\"elementor-section elementor-top-section elementor-element elementor-element-8f8372a elementor-section-height-min-height elementor-section-boxed elementor-section-height-default elementor-section-items-middle elementor-invisible\" data-id=\"8f8372a\" data-element_type=\"section\" data-e-type=\"section\" data-settings=\"{&quot;background_background&quot;:&quot;classic&quot;,&quot;animation&quot;:&quot;fadeIn&quot;}\">\n\t\t\t\t\t\t\t<div class=\"elementor-background-overlay\"><\/div>\n\t\t\t\t\t\t\t<div class=\"elementor-container elementor-column-gap-default\">\n\t\t\t\t\t<div data-custom-animations=\"true\" data-ca-options=\"{&quot;addChildTimelines&quot;:false,&quot;trigger&quot;:&quot;firstChild&quot;,&quot;animationTarget&quot;:&quot;:scope &gt; .elementor-widget-wrap &gt; .elementor-element &gt; .elementor-widget-container, :scope &gt; .elementor-widget-wrap &gt; .elementor-section &gt; .elementor-container &gt; .elementor-column &gt; .elementor-widget-wrap &gt; .elementor-element:not(.lqd-el-has-inner-anim) &gt; .elementor-widget-container, :scope &gt; .elementor-widget-wrap &gt; .elementor-widget-hub_fancy_heading .lqd-split-lines .lqd-lines .split-inner, :scope &gt; .elementor-widget-wrap &gt; .elementor-widget-hub_fancy_heading .lqd-split-words .lqd-words .split-inner, :scope &gt; .elementor-widget-wrap &gt; .elementor-widget-hub_fancy_heading .lqd-split-chars .lqd-chars .split-inner, :scope &gt; .elementor-widget-wrap &gt; .elementor-widget-ld_custom_menu .lqd-fancy-menu &gt; ul &gt; li&quot;,&quot;startDelay&quot;:100,&quot;ease&quot;:[&quot;power4.out&quot;],&quot;initValues&quot;:{&quot;y&quot;:&quot;120px&quot;,&quot;opacity&quot;:0,&quot;transformOrigin&quot;:&quot;50% 50% 0px&quot;},&quot;animations&quot;:{&quot;y&quot;:&quot;0px&quot;,&quot;opacity&quot;:1,&quot;transformOrigin&quot;:&quot;50% 50% 0px&quot;}}\" class=\"elementor-column elementor-col-100 elementor-top-column elementor-element elementor-element-e702b79\" data-id=\"e702b79\" data-element_type=\"column\" data-e-type=\"column\">\n\t\t\t<div class=\"elementor-widget-wrap elementor-element-populated\">\n\t\t\t\t\t\t<div class=\"elementor-element elementor-element-338bfe9 elementor-widget elementor-widget-hub_fancy_heading\" data-id=\"338bfe9\" data-element_type=\"widget\" data-e-type=\"widget\" data-widget_type=\"hub_fancy_heading.default\">\n\t\t\t\t<div class=\"elementor-widget-container\">\n\t\t\t\t\t\n\t\t<div id=\"ld-fancy-heading-69e4aaafa9483\" class=\"ld-fancy-heading pos-rel\">\n\t\t\t<h3 class=\"ld-fh-element d-inline-block pos-rel  elementor-heading-title lqd-highlight-classic lqd-highlight-grow-left h3\"  > Liva Villa<\/h3>\t\t<\/div>\n\n\t\t\t\t\t\t<\/div>\n\t\t\t\t<\/div>\n\t\t\t\t\t<\/div>\n\t\t<\/div>\n\t\t\t\t\t<\/div>\n\t\t<\/section>\n\t\t\t\t<section data-custom-animations=\"true\" data-ca-options=\"{&quot;addChildTimelines&quot;:false,&quot;trigger&quot;:&quot;firstChild&quot;,&quot;animationTarget&quot;:&quot;:scope &gt; .elementor-container &gt; .elementor-column&quot;,&quot;startDelay&quot;:1100,&quot;ease&quot;:[&quot;power4.out&quot;],&quot;initValues&quot;:{&quot;x&quot;:&quot;30px&quot;,&quot;opacity&quot;:0,&quot;transformOrigin&quot;:&quot;50% 50% 0px&quot;},&quot;animations&quot;:{&quot;x&quot;:&quot;0px&quot;,&quot;opacity&quot;:1,&quot;transformOrigin&quot;:&quot;50% 50% 0px&quot;}}\" class=\"elementor-section elementor-top-section elementor-element elementor-element-e859837 elementor-section-height-min-height elementor-section-boxed elementor-section-height-default elementor-section-items-middle\" data-id=\"e859837\" data-element_type=\"section\" data-e-type=\"section\">\n\t\t\t\t\t\t<div class=\"elementor-container elementor-column-gap-default\">\n\t\t\t\t\t<div class=\"elementor-column elementor-col-16 elementor-top-column elementor-element elementor-element-1da4ee8\" data-id=\"1da4ee8\" data-element_type=\"column\" data-e-type=\"column\">\n\t\t\t<div class=\"elementor-widget-wrap elementor-element-populated\">\n\t\t\t\t\t\t<div class=\"elementor-element elementor-element-df3b73d elementor-align-center elementor-widget elementor-widget-ld_icon_box\" data-id=\"df3b73d\" data-element_type=\"widget\" data-e-type=\"widget\" data-widget_type=\"ld_icon_box.default\">\n\t\t\t\t<div class=\"elementor-widget-container\">\n\t\t\t\t\t\n\t\t\t<div id=\"ld_icon_box_df3b73d\" class=\"iconbox d-flex flex-grow-1 pos-rel flex-column iconbox-default\"   >\n\n\t\t\t\t\n\t\t\t\t<div class=\"iconbox-icon-wrap  \"><div class=\"iconbox-icon-container d-inline-flex   \"><svg xmlns=\"http:\/\/www.w3.org\/2000\/svg\" height=\"24px\" viewBox=\"0 -960 960 960\" width=\"24px\" fill=\"#e3e3e3\"><path d=\"M80-240v-80q38 0 56.5-20t77.5-20q59 0 77.5 20t54.5 20q38 0 56.5-20t77.5-20q57 0 77.5 20t56.5 20q38 0 55.5-20t76.5-20q59 0 77.5 20t56.5 20v80q-57 0-77.5-20T746-280q-36 0-54.5 20T614-240q-57 0-77.5-20T480-280q-38 0-56.5 20T346-240q-59 0-76.5-20T214-280q-38 0-56.5 20T80-240Zm0-160v-80q38 0 56.5-20t77.5-20q57 0 76.5 20t55.5 20q38 0 56.5-20t77.5-20q57 0 77 20t55 20q38 0 56.5-20t77.5-20q57 0 77.5 20t56.5 20v80q-59 0-78.5-20T746-440q-36 0-54.5 20T614-400q-57 0-77.5-20T480-440q-38 0-55.5 20T348-400q-59 0-78.5-20T214-440q-36 0-56.5 20T80-400Zm0-160v-80q38 0 56.5-20t77.5-20q57 0 76.5 20t55.5 20q38 0 56.5-20t77.5-20q57 0 77 20t55 20q38 0 56.5-20t77.5-20q57 0 77.5 20t56.5 20v80q-59 0-78.5-20T746-600q-36 0-54.5 20T614-560q-57 0-77.5-20T480-600q-38 0-55.5 20T348-560q-59 0-78.5-20T214-600q-36 0-56.5 20T80-560Z\"><\/path><\/svg><\/div><\/div>\n\t\t\t\t\n\t\t\t\t\n\t\t\t\t\n\t\t\t\t<h3 class=\"lqd-iconbox-heading \" >G\u00f6l Manzaras\u0131 <\/h3>\t\t\t\t<p><\/p>\n\t\t\t\t\n\t\t\t\t\n\t\t\t\t\n\t\t\t<\/div>\n\n\t\t\t\t\t\t<\/div>\n\t\t\t\t<\/div>\n\t\t\t\t\t<\/div>\n\t\t<\/div>\n\t\t\t\t<div class=\"elementor-column elementor-col-16 elementor-top-column elementor-element elementor-element-68fe576\" data-id=\"68fe576\" data-element_type=\"column\" data-e-type=\"column\">\n\t\t\t<div class=\"elementor-widget-wrap elementor-element-populated\">\n\t\t\t\t\t\t<div class=\"elementor-element elementor-element-c30b30f elementor-align-center elementor-widget elementor-widget-ld_icon_box\" data-id=\"c30b30f\" data-element_type=\"widget\" data-e-type=\"widget\" data-widget_type=\"ld_icon_box.default\">\n\t\t\t\t<div class=\"elementor-widget-container\">\n\t\t\t\t\t\n\t\t\t<div id=\"ld_icon_box_c30b30f\" class=\"iconbox d-flex flex-grow-1 pos-rel flex-column iconbox-default\"   >\n\n\t\t\t\t\n\t\t\t\t<div class=\"iconbox-icon-wrap  \"><div class=\"iconbox-icon-container d-inline-flex   \"><svg xmlns=\"http:\/\/www.w3.org\/2000\/svg\" height=\"24px\" viewBox=\"0 -960 960 960\" width=\"24px\" fill=\"#e3e3e3\"><path d=\"M240-400q0 52 21 98.5t60 81.5q-1-5-1-9v-9q0-32 12-60t35-51l113-111 113 111q23 23 35 51t12 60v9q0 4-1 9 39-35 60-81.5t21-98.5q0-50-18.5-94.5T648-574q-20 13-42 19.5t-45 6.5q-62 0-107.5-41T401-690q-39 33-69 68.5t-50.5 72Q261-513 250.5-475T240-400Zm240 52-57 56q-11 11-17 25t-6 29q0 32 23.5 55t56.5 23q33 0 56.5-23t23.5-55q0-16-6-29.5T537-292l-57-56Zm0-492v132q0 34 23.5 57t57.5 23q18 0 33.5-7.5T622-658l18-22q74 42 117 117t43 163q0 134-93 227T480-80q-134 0-227-93t-93-227q0-129 86.5-245T480-840Z\"><\/path><\/svg><\/div><\/div>\n\t\t\t\t\n\t\t\t\t\n\t\t\t\t\n\t\t\t\t<h3 class=\"lqd-iconbox-heading \" >Ate\u015f \u00c7ukuru <\/h3>\t\t\t\t<p><\/p>\n\t\t\t\t\n\t\t\t\t\n\t\t\t\t\n\t\t\t<\/div>\n\n\t\t\t\t\t\t<\/div>\n\t\t\t\t<\/div>\n\t\t\t\t\t<\/div>\n\t\t<\/div>\n\t\t\t\t<div class=\"elementor-column elementor-col-16 elementor-top-column elementor-element elementor-element-fdc3a86\" data-id=\"fdc3a86\" data-element_type=\"column\" data-e-type=\"column\">\n\t\t\t<div class=\"elementor-widget-wrap elementor-element-populated\">\n\t\t\t\t\t\t<div class=\"elementor-element elementor-element-2ecae08 elementor-align-center elementor-widget elementor-widget-ld_icon_box\" data-id=\"2ecae08\" data-element_type=\"widget\" data-e-type=\"widget\" data-widget_type=\"ld_icon_box.default\">\n\t\t\t\t<div class=\"elementor-widget-container\">\n\t\t\t\t\t\n\t\t\t<div id=\"ld_icon_box_2ecae08\" class=\"iconbox d-flex flex-grow-1 pos-rel flex-column iconbox-default\"   >\n\n\t\t\t\t\n\t\t\t\t<div class=\"iconbox-icon-wrap  \"><div class=\"iconbox-icon-container d-inline-flex   \"><svg xmlns=\"http:\/\/www.w3.org\/2000\/svg\" height=\"24px\" viewBox=\"0 -960 960 960\" width=\"24px\" fill=\"#e3e3e3\"><path d=\"M160-120v-375l-72 55-48-64 440-336 440 336-48 63-72-54v375H160Zm80-80h480v-356L480-739 240-556v356Zm0 0h480-480Zm80-160q-17 0-28.5-11.5T280-400q0-17 11.5-28.5T320-440q17 0 28.5 11.5T360-400q0 17-11.5 28.5T320-360Zm160 0q-17 0-28.5-11.5T440-400q0-17 11.5-28.5T480-440q17 0 28.5 11.5T520-400q0 17-11.5 28.5T480-360Zm160 0q-17 0-28.5-11.5T600-400q0-17 11.5-28.5T640-440q17 0 28.5 11.5T680-400q0 17-11.5 28.5T640-360Z\"><\/path><\/svg><\/div><\/div>\n\t\t\t\t\n\t\t\t\t\n\t\t\t\t\n\t\t\t\t<h3 class=\"lqd-iconbox-heading \" >Muhafazakar Ev <\/h3>\t\t\t\t<p><\/p>\n\t\t\t\t\n\t\t\t\t\n\t\t\t\t\n\t\t\t<\/div>\n\n\t\t\t\t\t\t<\/div>\n\t\t\t\t<\/div>\n\t\t\t\t\t<\/div>\n\t\t<\/div>\n\t\t\t\t<div class=\"elementor-column elementor-col-16 elementor-top-column elementor-element elementor-element-65232c1\" data-id=\"65232c1\" data-element_type=\"column\" data-e-type=\"column\">\n\t\t\t<div class=\"elementor-widget-wrap elementor-element-populated\">\n\t\t\t\t\t\t<div class=\"elementor-element elementor-element-f217ab7 elementor-align-center elementor-widget elementor-widget-ld_icon_box\" data-id=\"f217ab7\" data-element_type=\"widget\" data-e-type=\"widget\" data-widget_type=\"ld_icon_box.default\">\n\t\t\t\t<div class=\"elementor-widget-container\">\n\t\t\t\t\t\n\t\t\t<div id=\"ld_icon_box_f217ab7\" class=\"iconbox d-flex flex-grow-1 pos-rel flex-column iconbox-default\"   >\n\n\t\t\t\t\n\t\t\t\t<div class=\"iconbox-icon-wrap  \"><div class=\"iconbox-icon-container d-inline-flex   \"><svg xmlns=\"http:\/\/www.w3.org\/2000\/svg\" height=\"24px\" viewBox=\"0 -960 960 960\" width=\"24px\" fill=\"#e3e3e3\"><path d=\"M280-640q-33 0-56.5-23.5T200-720q0-33 23.5-56.5T280-800q33 0 56.5 23.5T360-720q0 33-23.5 56.5T280-640ZM160-80q-33 0-56.5-23.5T80-160v-320h120v-30q0-38 26-64t64-26q20 0 37 8t31 22l56 62q7 8 15 15t17 13h434v320q0 33-23.5 56.5T800-80H160Zm560-480 4-24q5-25-3.5-48.5T694-674q-29-29-43-67.5t-9-80.5l2-18h76l-4 24q-4 24 3.5 47.5T744-728q30 30 44.5 69t9.5 81l-2 18h-76Zm-160 0 4-24q5-25-3.5-48.5T534-674q-29-29-43-67.5t-9-80.5l2-18h76l-4 24q-5 24 3 47.5t25 40.5q30 30 44.5 69t9.5 81l-2 18h-76Zm120 400h80v-240h-80v240Zm-160 0h80v-240h-80v240Zm-160 0h80v-240h-80v240Zm-160 0h80v-240h-80v240Z\"><\/path><\/svg><\/div><\/div>\n\t\t\t\t\n\t\t\t\t\n\t\t\t\t\n\t\t\t\t<h3 class=\"lqd-iconbox-heading \" >S\u0131cak Havuz <\/h3>\t\t\t\t<p><\/p>\n\t\t\t\t\n\t\t\t\t\n\t\t\t\t\n\t\t\t<\/div>\n\n\t\t\t\t\t\t<\/div>\n\t\t\t\t<\/div>\n\t\t\t\t\t<\/div>\n\t\t<\/div>\n\t\t\t\t<div class=\"elementor-column elementor-col-16 elementor-top-column elementor-element elementor-element-a3f9a87\" data-id=\"a3f9a87\" data-element_type=\"column\" data-e-type=\"column\">\n\t\t\t<div class=\"elementor-widget-wrap elementor-element-populated\">\n\t\t\t\t\t\t<div class=\"elementor-element elementor-element-2946d43 elementor-align-center elementor-widget elementor-widget-ld_icon_box\" data-id=\"2946d43\" data-element_type=\"widget\" data-e-type=\"widget\" data-widget_type=\"ld_icon_box.default\">\n\t\t\t\t<div class=\"elementor-widget-container\">\n\t\t\t\t\t\n\t\t\t<div id=\"ld_icon_box_2946d43\" class=\"iconbox d-flex flex-grow-1 pos-rel flex-column iconbox-default\"   >\n\n\t\t\t\t\n\t\t\t\t<div class=\"iconbox-icon-wrap  \"><div class=\"iconbox-icon-container d-inline-flex   \"><svg xmlns=\"http:\/\/www.w3.org\/2000\/svg\" height=\"24px\" viewBox=\"0 -960 960 960\" width=\"24px\" fill=\"#e3e3e3\"><path d=\"M424-282q13 11 27.5 15.5T480-262q29 0 52.5-18.5T560-334q5-47-29-69.5T480-462q-5 14-5 26t3 26q3 17 7 32t1 32q-5 18-22 37t-40 27ZM80-80v-800h800v800H80Zm400-160q50 0 85-35t35-85q0-24-10-40t-28-30q-38-27-63.5-56.5T458-546q-44 35-71 79.5T360-362q0 35 36 78.5t84 43.5Zm-320 80h80v-80h90q-23-29-36.5-61T280-362q0-46 10-86.5t36.5-78.5q26.5-38 73.5-75.5T520-680q-11 44 9.5 93.5T606-496q33 24 53.5 56.5T680-360q0 35-11 64.5T640-240h80v80h80v-640H160v640Zm320-80Z\"><\/path><\/svg><\/div><\/div>\n\t\t\t\t\n\t\t\t\t\n\t\t\t\t\n\t\t\t\t<h3 class=\"lqd-iconbox-heading \" >\u015e\u00f6mine <\/h3>\t\t\t\t<p><\/p>\n\t\t\t\t\n\t\t\t\t\n\t\t\t\t\n\t\t\t<\/div>\n\n\t\t\t\t\t\t<\/div>\n\t\t\t\t<\/div>\n\t\t\t\t\t<\/div>\n\t\t<\/div>\n\t\t\t\t<div class=\"elementor-column elementor-col-16 elementor-top-column elementor-element elementor-element-dbe0446\" data-id=\"dbe0446\" data-element_type=\"column\" data-e-type=\"column\">\n\t\t\t<div class=\"elementor-widget-wrap elementor-element-populated\">\n\t\t\t\t\t\t<div class=\"elementor-element elementor-element-7901c78 elementor-align-center elementor-widget elementor-widget-ld_icon_box\" data-id=\"7901c78\" data-element_type=\"widget\" data-e-type=\"widget\" data-widget_type=\"ld_icon_box.default\">\n\t\t\t\t<div class=\"elementor-widget-container\">\n\t\t\t\t\t\n\t\t\t<div id=\"ld_icon_box_7901c78\" class=\"iconbox d-flex flex-grow-1 pos-rel flex-column iconbox-default\"   >\n\n\t\t\t\t\n\t\t\t\t<div class=\"iconbox-icon-wrap  \"><div class=\"iconbox-icon-container d-inline-flex   \"><svg xmlns=\"http:\/\/www.w3.org\/2000\/svg\" height=\"24px\" viewBox=\"0 -960 960 960\" width=\"24px\" fill=\"#e3e3e3\"><path d=\"M120-120v-80h80v-640h400v40h160v600h80v80H680v-600h-80v600H120Zm160-640v560-560Zm188.5 308.5Q480-463 480-480t-11.5-28.5Q457-520 440-520t-28.5 11.5Q400-497 400-480t11.5 28.5Q423-440 440-440t28.5-11.5ZM280-200h240v-560H280v560Z\"><\/path><\/svg><\/div><\/div>\n\t\t\t\t\n\t\t\t\t\n\t\t\t\t\n\t\t\t\t<h3 class=\"lqd-iconbox-heading \" >2+1 Oda <\/h3>\t\t\t\t<p><\/p>\n\t\t\t\t\n\t\t\t\t\n\t\t\t\t\n\t\t\t<\/div>\n\n\t\t\t\t\t\t<\/div>\n\t\t\t\t<\/div>\n\t\t\t\t\t<\/div>\n\t\t<\/div>\n\t\t\t\t\t<\/div>\n\t\t<\/section>\n\t\t\t\t<\/div>\n\t\t","protected":false},"excerpt":{"rendered":"<p>Liva Villa G\u00f6l Manzaras\u0131 Ate\u015f \u00c7ukuru Muhafazakar Ev S\u0131cak Havuz \u015e\u00f6mine 2+1 Oda<\/p>\n","protected":false},"author":1,"featured_media":0,"parent":0,"menu_order":0,"comment_status":"closed","ping_status":"closed","template":"","meta":{"footnotes":""},"class_list":["post-8069","page","type-page","status-publish","hentry"],"_links":{"self":[{"href":"https:\/\/www.mooby.com.tr\/index.php?rest_route=\/wp\/v2\/pages\/8069","targetHints":{"allow":["GET"]}}],"collection":[{"href":"https:\/\/www.mooby.com.tr\/index.php?rest_route=\/wp\/v2\/pages"}],"about":[{"href":"https:\/\/www.mooby.com.tr\/index.php?rest_route=\/wp\/v2\/types\/page"}],"author":[{"embeddable":true,"href":"https:\/\/www.mooby.com.tr\/index.php?rest_route=\/wp\/v2\/users\/1"}],"replies":[{"embeddable":true,"href":"https:\/\/www.mooby.com.tr\/index.php?rest_route=%2Fwp%2Fv2%2Fcomments&post=8069"}],"version-history":[{"count":52,"href":"https:\/\/www.mooby.com.tr\/index.php?rest_route=\/wp\/v2\/pages\/8069\/revisions"}],"predecessor-version":[{"id":8128,"href":"https:\/\/www.mooby.com.tr\/index.php?rest_route=\/wp\/v2\/pages\/8069\/revisions\/8128"}],"wp:attachment":[{"href":"https:\/\/www.mooby.com.tr\/index.php?rest_route=%2Fwp%2Fv2%2Fmedia&parent=8069"}],"curies":[{"name":"wp","href":"https:\/\/api.w.org\/{rel}","templated":true}]}}